{"id":125,"date":"2022-09-17T11:41:51","date_gmt":"2022-09-17T09:41:51","guid":{"rendered":"http:\/\/www.psychania.com\/?page_id=125"},"modified":"2025-05-12T00:42:21","modified_gmt":"2025-05-11T22:42:21","slug":"a-propos","status":"publish","type":"page","link":"https:\/\/www.psychania.com\/index.php\/a-propos\/","title":{"rendered":"A propos"},"content":{"rendered":"\n<div class=\"wp-block-media-text alignwide is-stacked-on-mobile\" style=\"grid-template-columns:56% auto\"><figure class=\"wp-block-media-text__media\"><img loading=\"lazy\" decoding=\"async\" width=\"800\" height=\"632\" src=\"https:\/\/www.psychania.com\/wp-content\/uploads\/2022\/09\/vangoghmuseum-s0176V1962-800.jpg\" alt=\"\" class=\"wp-image-833 size-full\" srcset=\"https:\/\/www.psychania.com\/wp-content\/uploads\/2022\/09\/vangoghmuseum-s0176V1962-800.jpg 800w, https:\/\/www.psychania.com\/wp-content\/uploads\/2022\/09\/vangoghmuseum-s0176V1962-800-300x237.jpg 300w, https:\/\/www.psychania.com\/wp-content\/uploads\/2022\/09\/vangoghmuseum-s0176V1962-800-768x607.jpg 768w, https:\/\/www.psychania.com\/wp-content\/uploads\/2022\/09\/vangoghmuseum-s0176V1962-800-147x116.jpg 147w\" sizes=\"auto, (max-width: 800px) 100vw, 800px\" \/><\/figure><div class=\"wp-block-media-text__content\">\n<h5 class=\"wp-block-heading\"><strong>Almond Blossom<\/strong><\/h5>\n\n\n\n<h6 class=\"wp-block-heading\">Saint-R\u00e9my-de-Provence, February 1890<\/h6>\n\n\n\n<h6 class=\"wp-block-heading\"><strong>Vincent van Gogh<\/strong> (1853 &#8211; 1890)<\/h6>\n<\/div><\/div>\n\n\n\n<figure class=\"wp-block-pullquote\"><blockquote><p><mark style=\"background-color:rgba(0, 0, 0, 0)\" class=\"has-inline-color has-black-color\"><em>N\u2019oublions pas que les petites \u00e9motions sont les grands capitaines de nos vies et qu\u2019\u00e0 celles-l\u00e0<\/em> <em>nous y ob\u00e9issons sans le savoir.<\/em><\/mark><\/p><cite>Vincent Van Gogh,&nbsp;Lettre \u00e0 son fr\u00e8re Th\u00e9o, 1872-1890<\/cite><\/blockquote><\/figure>\n\n\n\n<blockquote class=\"wp-block-quote is-layout-flow wp-block-quote-is-layout-flow\">\n<blockquote class=\"wp-block-quote is-layout-flow wp-block-quote-is-layout-flow\">\n<blockquote class=\"wp-block-quote is-layout-flow wp-block-quote-is-layout-flow\">\n<p><\/p>\n<\/blockquote>\n<\/blockquote>\n<\/blockquote>\n\n\n\n<p><\/p>\n","protected":false},"excerpt":{"rendered":"<p>Almond Blossom Saint-R\u00e9my-de-Provence, February 1890 Vincent van Gogh (1853 &#8211; 1890) N\u2019oublions pas que les petites \u00e9motions sont les grands &hellip; <a href=\"https:\/\/www.psychania.com\/index.php\/a-propos\/\" class=\"more-link\">Continue reading <span class=\"screen-reader-text\">A propos<\/span><\/a><\/p>\n","protected":false},"author":1,"featured_media":0,"parent":0,"menu_order":0,"comment_status":"closed","ping_status":"closed","template":"","meta":{"footnotes":""},"class_list":["post-125","page","type-page","status-publish","hentry"],"jetpack_sharing_enabled":true,"_links":{"self":[{"href":"https:\/\/www.psychania.com\/index.php\/wp-json\/wp\/v2\/pages\/125","targetHints":{"allow":["GET"]}}],"collection":[{"href":"https:\/\/www.psychania.com\/index.php\/wp-json\/wp\/v2\/pages"}],"about":[{"href":"https:\/\/www.psychania.com\/index.php\/wp-json\/wp\/v2\/types\/page"}],"author":[{"embeddable":true,"href":"https:\/\/www.psychania.com\/index.php\/wp-json\/wp\/v2\/users\/1"}],"replies":[{"embeddable":true,"href":"https:\/\/www.psychania.com\/index.php\/wp-json\/wp\/v2\/comments?post=125"}],"version-history":[{"count":10,"href":"https:\/\/www.psychania.com\/index.php\/wp-json\/wp\/v2\/pages\/125\/revisions"}],"predecessor-version":[{"id":1337,"href":"https:\/\/www.psychania.com\/index.php\/wp-json\/wp\/v2\/pages\/125\/revisions\/1337"}],"wp:attachment":[{"href":"https:\/\/www.psychania.com\/index.php\/wp-json\/wp\/v2\/media?parent=125"}],"curies":[{"name":"wp","href":"https:\/\/api.w.org\/{rel}","templated":true}]}}