{"id":2,"date":"2022-09-15T21:53:16","date_gmt":"2022-09-15T19:53:16","guid":{"rendered":"http:\/\/www.psychania.com\/?page_id=2"},"modified":"2025-09-04T23:37:04","modified_gmt":"2025-09-04T21:37:04","slug":"la-consultation","status":"publish","type":"page","link":"https:\/\/www.psychania.com\/index.php\/la-consultation\/","title":{"rendered":"La Consultation"},"content":{"rendered":"\n<div class=\"wp-block-media-text alignwide is-stacked-on-mobile\" style=\"grid-template-columns:48% auto\"><figure class=\"wp-block-media-text__media\"><img loading=\"lazy\" decoding=\"async\" width=\"386\" height=\"340\" src=\"https:\/\/www.psychania.com\/wp-content\/uploads\/2024\/08\/Divan01-removebg-preview.png\" alt=\"\" class=\"wp-image-961 size-full\" srcset=\"https:\/\/www.psychania.com\/wp-content\/uploads\/2024\/08\/Divan01-removebg-preview.png 386w, https:\/\/www.psychania.com\/wp-content\/uploads\/2024\/08\/Divan01-removebg-preview-300x264.png 300w, https:\/\/www.psychania.com\/wp-content\/uploads\/2024\/08\/Divan01-removebg-preview-132x116.png 132w\" sizes=\"auto, (max-width: 386px) 100vw, 386px\" \/><\/figure><div class=\"wp-block-media-text__content\">\n<p><\/p>\n<\/div><\/div>\n\n\n\n<p><\/p>\n\n\n\n<p><mark style=\"background-color:rgba(0, 0, 0, 0)\" class=\"has-inline-color has-black-color\">La <strong>th\u00e9rapie psychanalytique<\/strong> n&rsquo;est pas en r\u00e9alit\u00e9 un traitement th\u00e9rapeutique au sens stricte, c&rsquo;est une cure psychanalytique qui permet de prendre conscience de l&rsquo;origine de ses souffrances et d&rsquo;att\u00e9nuer voir de r\u00e9gler plus radicalement ses souffrances. C&rsquo;est une outil de d\u00e9couverte&#8230;<\/mark><\/p>\n\n\n\n<p><mark style=\"background-color:rgba(0, 0, 0, 0)\" class=\"has-inline-color has-black-color\">La psychanalyse et sa pratique th\u00e9rapeutique , la <strong>cure analytique<\/strong>, nous permet de d\u00e9voiler le sens cach\u00e9 de nos r\u00eaves, de nos fantasmes, de nos actes, y compris ceux qui paraissent les plus absurdes. Ainsi, elle accompagne \u00e0 mieux vivre ceux et celles que les al\u00e9as de l\u2019existence ont \u00e9cras\u00e9s de tout leur poids.<\/mark><\/p>\n\n\n\n<h4 class=\"wp-block-heading\"><strong>Pourquoi commencer une th\u00e9rapie ?<\/strong><\/h4>\n\n\n\n<p><mark style=\"background-color:rgba(0, 0, 0, 0)\" class=\"has-inline-color has-black-color\">On peut consulter un psy parce qu\u2019on est en crise mais \u00e9galement parce qu\u2019on est dans un moment de questionnement. Effectivement, la psychoth\u00e9rapie est \u00e0 la fois un moyen pour soulager un mal-\u00eatre \u00e0 la fois un moyen pour entamer un cheminement de prise de conscience.<\/mark><\/p>\n\n\n\n<p><\/p>\n\n\n\n<h4 class=\"wp-block-heading\"><strong>Les conditions de la psychanalyse<\/strong><\/h4>\n\n\n\n<p><mark style=\"background-color:rgba(0, 0, 0, 0)\" class=\"has-inline-color has-black-color\">La relation qui lie le patient \u00e0 son psychanalyste est essentielle et conditionne le succ\u00e9s d&rsquo;une th\u00e9rapie.<\/mark><\/p>\n\n\n\n<p><strong><em><mark style=\"background-color:rgba(0, 0, 0, 0)\" class=\"has-inline-color has-black-color\">Le premier crit\u00e8re de choix:<\/mark><\/em><\/strong><\/p>\n\n\n\n<p><mark style=\"background-color:rgba(0, 0, 0, 0)\" class=\"has-inline-color has-black-color\">Etablir une relation de confiance, la base de toute th\u00e9rapie est la relation entre le patient et le soignant. Les choses ditent en consultation sont confidentielles. les th\u00e9rapeutes obeissent \u00e0 un code de d\u00e9ontologie s\u00e9rieux.<\/mark><\/p>\n\n\n\n<p><strong><em><mark style=\"background-color:rgba(0, 0, 0, 0)\" class=\"has-inline-color has-black-color\">Le deuxi\u00e8me crit\u00e8re de choix:<\/mark><\/em><\/strong><\/p>\n\n\n\n<p><mark style=\"background-color:rgba(0, 0, 0, 0)\" class=\"has-inline-color has-black-color\">Les croyances personnelles du patient devrait choisir une th\u00e9rapie qui est en accord avec ses opinions et valeurs profondes.<\/mark><\/p>\n\n\n\n<p><strong><em><mark style=\"background-color:rgba(0, 0, 0, 0)\" class=\"has-inline-color has-black-color\">Le troisi\u00e8me crit\u00e8re de choix:<\/mark><\/em><\/strong><\/p>\n\n\n\n<p><mark style=\"background-color:rgba(0, 0, 0, 0)\" class=\"has-inline-color has-black-color\">La dur\u00e9e du traitement, tout d\u00e9pend de l\u2019objectif pos\u00e9 en d\u00e9but de th\u00e9rapie, il est clair qu\u2019un patient \u00e9prouvant un l\u00e9ger mal-\u00eatre et un manque d\u2019aptitude \u00e0 se sentir \u00e0 l\u2019aise au quotidien aura besoin d moins de s\u00e9ances qu\u2019un personne d\u00e9pressive, ou un patient avec une anxi\u00e9t\u00e9 chronique g\u00e9n\u00e9ralis\u00e9e.<\/mark><\/p>\n\n\n\n<p><mark style=\"background-color:rgba(0, 0, 0, 0)\" class=\"has-inline-color has-black-color\">Les modalit\u00e9s de traitement sont d\u00e9termin\u00e9s d\u00e9s les premi\u00e8res s\u00e9ances: dur\u00e9es des s\u00e9ances et fr\u00e9quences et le type th\u00e9rapie.<\/mark><\/p>\n\n\n\n<h4 class=\"wp-block-heading\"><strong>Pourquoi consulter ?<\/strong><\/h4>\n\n\n\n<p><mark style=\"background-color:rgba(0, 0, 0, 0)\" class=\"has-inline-color has-black-color\">Hypersensibilit\u00e9, d\u00e9pression, anxi\u00e9t\u00e9, burnout, probl\u00e8mes relationnels\/familiaux, hypocondrie, stress chronique, crise de panique, manque de confiance, troubles sexuels\u2026 Parce que nombre de tes difficult\u00e9s actuelles remontent bien souvent \u00e0 des traumas de l\u2019enfance.<\/mark><\/p>\n\n\n\n<p><mark style=\"background-color:rgba(0, 0, 0, 0)\" class=\"has-inline-color has-black-color\">A diff\u00e9rentes p\u00e9riodes de la vie, chacun peut rencontrer:<\/mark><\/p>\n\n\n\n<ul class=\"wp-block-list\">\n<li><mark style=\"background-color:rgba(0, 0, 0, 0)\" class=\"has-inline-color has-black-color\">Des difficult\u00e9s relationnelles, un mal \u00eatre au travail ou dans la sph\u00e8re priv\u00e9e<\/mark><\/li>\n\n\n\n<li><mark style=\"background-color:rgba(0, 0, 0, 0)\" class=\"has-inline-color has-black-color\">Supervision professionnelle<\/mark><\/li>\n\n\n\n<li><mark style=\"background-color:rgba(0, 0, 0, 0)\" class=\"has-inline-color has-black-color\">Des difficult\u00e9s face aux \u00e9preuves de la vie, ins\u00e9curit\u00e9, maladie, deuil, traumatisme, s\u00e9paration, changement de vie<\/mark><\/li>\n\n\n\n<li><mark style=\"background-color:rgba(0, 0, 0, 0)\" class=\"has-inline-color has-black-color\">Des \u00e9checs \u00e0 r\u00e9p\u00e9tition sans trouver le clef pour s\u2019en sortir<\/mark><\/li>\n\n\n\n<li><mark style=\"background-color:rgba(0, 0, 0, 0)\" class=\"has-inline-color has-black-color\">Des difficult\u00e9s r\u00e9currentes, des crises d\u2019angoisses, des phobies, de la d\u00e9pression, un burn out<\/mark><\/li>\n\n\n\n<li><mark style=\"background-color:rgba(0, 0, 0, 0)\" class=\"has-inline-color has-black-color\">Des difficult\u00e9s scolaires, des conflits, du harc\u00e8lement scolaire, familial ou professionnel<\/mark><\/li>\n\n\n\n<li><mark style=\"background-color:rgba(0, 0, 0, 0)\" class=\"has-inline-color has-black-color\">Des troubles divers, des troubles compulsifs, des troubles alimentaires, des addictions<\/mark><\/li>\n\n\n\n<li><mark style=\"background-color:rgba(0, 0, 0, 0)\" class=\"has-inline-color has-black-color\">Le corps qui souffre, des insomnies, des maux de t\u00eate, des maux divers alors que tout semble fonctionner dans sa vie<\/mark><\/li>\n\n\n\n<li><mark style=\"background-color:rgba(0, 0, 0, 0)\" class=\"has-inline-color has-black-color\">La maladie grave et longue dur\u00e9e.<\/mark><\/li>\n<\/ul>\n\n\n\n<h4 class=\"wp-block-heading\"><strong>Quand consulter ?<\/strong><\/h4>\n\n\n\n<p><mark style=\"background-color:rgba(0, 0, 0, 0)\" class=\"has-inline-color has-black-color\">Les <strong>sympt\u00f4mes<\/strong> ou <strong>signes<\/strong> qui peuvent vous amener \u00e0 consulter:<\/mark><\/p>\n\n\n\n<ul class=\"wp-block-list\">\n<li><mark style=\"background-color:rgba(0, 0, 0, 0)\" class=\"has-inline-color has-black-color\">douleur physique sans cause organique<\/mark><\/li>\n\n\n\n<li><mark style=\"background-color:rgba(0, 0, 0, 0)\" class=\"has-inline-color has-black-color\">phobie (angoisse fix\u00e9e sur un objet)<\/mark><\/li>\n\n\n\n<li><mark style=\"background-color:rgba(0, 0, 0, 0)\" class=\"has-inline-color has-black-color\">addiction cigarettes, nourriture, jeux..<\/mark><\/li>\n\n\n\n<li><mark style=\"background-color:rgba(0, 0, 0, 0)\" class=\"has-inline-color has-black-color\">insomnie ou\/et difficult\u00e9s \u00e0 s\u2019endormir<\/mark><\/li>\n\n\n\n<li><mark style=\"background-color:rgba(0, 0, 0, 0)\" class=\"has-inline-color has-black-color\">peur, tristesse<\/mark><\/li>\n\n\n\n<li><mark style=\"background-color:rgba(0, 0, 0, 0)\" class=\"has-inline-color has-black-color\">deuils et s\u00e9paration<\/mark><\/li>\n\n\n\n<li><mark style=\"background-color:rgba(0, 0, 0, 0)\" class=\"has-inline-color has-black-color\">image de soi d\u00e9faillante<\/mark><\/li>\n\n\n\n<li><mark style=\"background-color:rgba(0, 0, 0, 0)\" class=\"has-inline-color has-black-color\">d\u00e9pendance affective<\/mark><\/li>\n\n\n\n<li><mark style=\"background-color:rgba(0, 0, 0, 0)\" class=\"has-inline-color has-black-color\">probl\u00e8me de poids<\/mark><\/li>\n\n\n\n<li><mark style=\"background-color:rgba(0, 0, 0, 0)\" class=\"has-inline-color has-black-color\">probl\u00e8me de concentration<\/mark><\/li>\n\n\n\n<li><mark style=\"background-color:rgba(0, 0, 0, 0)\" class=\"has-inline-color has-black-color\">probl\u00e8mes relationnels<\/mark><\/li>\n\n\n\n<li><mark style=\"background-color:rgba(0, 0, 0, 0)\" class=\"has-inline-color has-black-color\">performances physiques et psychologiques<\/mark><\/li>\n\n\n\n<li><mark style=\"background-color:rgba(0, 0, 0, 0)\" class=\"has-inline-color has-black-color\">maladie, handicap.<\/mark><\/li>\n<\/ul>\n\n\n\n<h4 class=\"wp-block-heading\"><strong>Code de D\u00e9ontologie<\/strong><\/h4>\n\n\n\n<p><mark style=\"background-color:rgba(0, 0, 0, 0)\" class=\"has-inline-color has-black-color\">Accompagnement avec bienveillance, respect, confidentialit\u00e9 et \u00e9coute de tous les patients, enfants, adolescents, adultes, sont la cl\u00e9 d&rsquo;une th\u00e9rapie positive.<\/mark><\/p>\n\n\n\n<p><mark style=\"background-color:rgba(0, 0, 0, 0)\" class=\"has-inline-color has-black-color\">On r\u00e9pondra \u00e0 vos demandes <strong>sans tabou ni jugement<\/strong>. Tr\u00e8s respectueux du secret professionnel et toujours soucieux de l\u2019\u00e9thique, on est <strong>soumis au code de d\u00e9ontologie<\/strong> de la profession.<\/mark><\/p>\n\n\n\n<p><mark style=\"background-color:rgba(0, 0, 0, 0)\" class=\"has-inline-color has-black-color\">Si vous traversez des moments difficiles, et que vous avez besoin d\u2019un regard ext\u00e9rieur, n\u2019h\u00e9sitez pas \u00e0 demander conseil. On vous accompagnera au mieux.<\/mark><\/p>\n\n\n\n<p><\/p>\n","protected":false},"excerpt":{"rendered":"<p>La th\u00e9rapie psychanalytique n&rsquo;est pas en r\u00e9alit\u00e9 un traitement th\u00e9rapeutique au sens stricte, c&rsquo;est une cure psychanalytique qui permet de &hellip; <a href=\"https:\/\/www.psychania.com\/index.php\/la-consultation\/\" class=\"more-link\">Continue reading <span class=\"screen-reader-text\">La Consultation<\/span><\/a><\/p>\n","protected":false},"author":1,"featured_media":0,"parent":0,"menu_order":0,"comment_status":"closed","ping_status":"closed","template":"","meta":{"footnotes":""},"class_list":["post-2","page","type-page","status-publish","hentry"],"jetpack_sharing_enabled":true,"_links":{"self":[{"href":"https:\/\/www.psychania.com\/index.php\/wp-json\/wp\/v2\/pages\/2","targetHints":{"allow":["GET"]}}],"collection":[{"href":"https:\/\/www.psychania.com\/index.php\/wp-json\/wp\/v2\/pages"}],"about":[{"href":"https:\/\/www.psychania.com\/index.php\/wp-json\/wp\/v2\/types\/page"}],"author":[{"embeddable":true,"href":"https:\/\/www.psychania.com\/index.php\/wp-json\/wp\/v2\/users\/1"}],"replies":[{"embeddable":true,"href":"https:\/\/www.psychania.com\/index.php\/wp-json\/wp\/v2\/comments?post=2"}],"version-history":[{"count":47,"href":"https:\/\/www.psychania.com\/index.php\/wp-json\/wp\/v2\/pages\/2\/revisions"}],"predecessor-version":[{"id":2519,"href":"https:\/\/www.psychania.com\/index.php\/wp-json\/wp\/v2\/pages\/2\/revisions\/2519"}],"wp:attachment":[{"href":"https:\/\/www.psychania.com\/index.php\/wp-json\/wp\/v2\/media?parent=2"}],"curies":[{"name":"wp","href":"https:\/\/api.w.org\/{rel}","templated":true}]}}