{"id":489,"date":"2022-09-19T17:22:43","date_gmt":"2022-09-19T15:22:43","guid":{"rendered":"http:\/\/www.psychania.com\/?page_id=489"},"modified":"2025-05-17T13:49:43","modified_gmt":"2025-05-17T11:49:43","slug":"siteweb-pertinents","status":"publish","type":"page","link":"https:\/\/www.psychania.com\/index.php\/siteweb-pertinents\/","title":{"rendered":"Siteweb pertinents"},"content":{"rendered":"\n<h4 class=\"wp-block-heading\">Instituts, Soci\u00e9t\u00e9s, F\u00e9d\u00e9rations, Associations\u2026<\/h4>\n\n\n\n<p><\/p>\n\n\n\n<p><\/p>\n\n\n\n<figure class=\"wp-block-table is-style-stripes\"><table  class=\"has-vivid-purple-color has-cyan-bluish-gray-background-color has-text-color has-background table table-hover\" ><tbody><tr><td><a href=\"https:\/\/npsa-association.org\" target=\"_blank\" rel=\"noreferrer noopener\">https:\/\/npsa-association.org<\/a><\/td><td>Soci\u00e9t\u00e9 internationales de neuro-psychanalyse <strong>(NPSA)<\/strong><\/td><\/tr><tr><td><a href=\"https:\/\/www.epf-fep.eu\/\" target=\"_blank\" rel=\"noreferrer noopener\">https:\/\/www.epf-fep.eu\/<\/a><\/td><td>F\u00e9d\u00e9ration Europ\u00e9enne de psychoth\u00e9rapie analytique <strong>(FEP)<\/strong><\/td><\/tr><tr><td><a rel=\"noreferrer noopener\" href=\"https:\/\/fr.ipa.world\/\" target=\"_blank\">https:\/\/fr.ipa.world\/<\/a><\/td><td>International Psychoanalytical Association <strong>(IPA)<\/strong><\/td><\/tr><tr><td><a rel=\"noreferrer noopener\" href=\"https:\/\/neuropsi.cnrs.fr\/\" target=\"_blank\">https:\/\/neuropsi.cnrs.fr\/<\/a><\/td><td>Institut des Neurosciences Paris\u2011Saclay <strong>(NeuroPSI)<\/strong><\/td><\/tr><tr><td><a href=\"https:\/\/www.spp.asso.fr\/\" target=\"_blank\" rel=\"noreferrer noopener\">https:\/\/www.spp.asso.fr\/<\/a><\/td><td>Soci\u00e9t\u00e9 Psychanalytique de Paris <strong>(SPP)<\/strong><\/td><\/tr><tr><td><a href=\"https:\/\/groupe-lyonnais-de-psychanalyse-rhone-alpes.fr\/\" target=\"_blank\" rel=\"noreferrer noopener\">https:\/\/groupe-lyonnais-de-psychanalyse-rhone-alpes.fr\/<\/a><\/td><td>Groupe Lyonnais de Psychanalyse Rh\u00f4ne-Alpes (<strong>GLPRA)<\/strong><\/td><\/tr><tr><td><a href=\"https:\/\/agpsy.fr\" target=\"_blank\" rel=\"noreferrer noopener\">https:\/\/agpsy.fr<\/a><\/td><td>Association Grenobloise de Psychanalyse, <strong>(AGPSY)<\/strong><\/td><\/tr><tr><td><a rel=\"noreferrer noopener\" href=\"https:\/\/associationpsychanalytiquedefrance.org\" target=\"_blank\">https:\/\/associationpsychanalytiquedefrance.org<\/a><\/td><td>L\u2019Association psychanalytique de France <strong>(A.P.F.)<\/strong><\/td><\/tr><tr><td><a href=\"https:\/\/www.formation-psychanalyste.education\/\">https:\/\/www.formation-psychanalyste.education\/<\/a><\/td><td><strong>F\u00e9d\u00e9ration de psychanalyse contemporaine<\/strong><\/td><\/tr><tr><td><\/td><td><\/td><\/tr><\/tbody><\/table><figcaption class=\"wp-element-caption\">Instituts, Soci\u00e9t\u00e9s, F\u00e9d\u00e9rations, Associations&#8230;<\/figcaption><\/figure>\n\n\n\n<hr class=\"wp-block-separator has-alpha-channel-opacity\"\/>\n\n\n\n<p><\/p>\n","protected":false},"excerpt":{"rendered":"<p>Instituts, Soci\u00e9t\u00e9s, F\u00e9d\u00e9rations, Associations\u2026 https:\/\/npsa-association.org Soci\u00e9t\u00e9 internationales de neuro-psychanalyse (NPSA) https:\/\/www.epf-fep.eu\/ F\u00e9d\u00e9ration Europ\u00e9enne de psychoth\u00e9rapie analytique (FEP) https:\/\/fr.ipa.world\/ International Psychoanalytical &hellip; <a href=\"https:\/\/www.psychania.com\/index.php\/siteweb-pertinents\/\" class=\"more-link\">Continue reading <span class=\"screen-reader-text\">Siteweb pertinents<\/span><\/a><\/p>\n","protected":false},"author":1,"featured_media":0,"parent":0,"menu_order":0,"comment_status":"closed","ping_status":"closed","template":"","meta":{"footnotes":""},"class_list":["post-489","page","type-page","status-publish","hentry"],"jetpack_sharing_enabled":true,"_links":{"self":[{"href":"https:\/\/www.psychania.com\/index.php\/wp-json\/wp\/v2\/pages\/489","targetHints":{"allow":["GET"]}}],"collection":[{"href":"https:\/\/www.psychania.com\/index.php\/wp-json\/wp\/v2\/pages"}],"about":[{"href":"https:\/\/www.psychania.com\/index.php\/wp-json\/wp\/v2\/types\/page"}],"author":[{"embeddable":true,"href":"https:\/\/www.psychania.com\/index.php\/wp-json\/wp\/v2\/users\/1"}],"replies":[{"embeddable":true,"href":"https:\/\/www.psychania.com\/index.php\/wp-json\/wp\/v2\/comments?post=489"}],"version-history":[{"count":23,"href":"https:\/\/www.psychania.com\/index.php\/wp-json\/wp\/v2\/pages\/489\/revisions"}],"predecessor-version":[{"id":1795,"href":"https:\/\/www.psychania.com\/index.php\/wp-json\/wp\/v2\/pages\/489\/revisions\/1795"}],"wp:attachment":[{"href":"https:\/\/www.psychania.com\/index.php\/wp-json\/wp\/v2\/media?parent=489"}],"curies":[{"name":"wp","href":"https:\/\/api.w.org\/{rel}","templated":true}]}}