{"id":84,"date":"2022-09-16T03:57:06","date_gmt":"2022-09-16T01:57:06","guid":{"rendered":"http:\/\/www.psychania.com\/?page_id=84"},"modified":"2025-05-18T10:06:12","modified_gmt":"2025-05-18T08:06:12","slug":"en-savoir-plus","status":"publish","type":"page","link":"https:\/\/www.psychania.com\/index.php\/en-savoir-plus\/","title":{"rendered":"En savoir plus"},"content":{"rendered":"\n<h3 class=\"wp-block-heading\"><mark style=\"background-color:rgba(0, 0, 0, 0)\" class=\"has-inline-color has-vivid-cyan-blue-color\"><strong>Un seul appareil mental, le Cerveau<\/strong><\/mark><\/h3>\n\n\n\n<p><mark style=\"background-color:rgba(0, 0, 0, 0)\" class=\"has-inline-color has-black-color\">La vie psychique n\u2019\u00e9tant possible que par le cerveau, la structure du cerveau pourrait nous \u00e9clairer sur le fonctionnement de la vie psychique<\/mark><\/p>\n\n\n\n<p><mark style=\"background-color:rgba(0, 0, 0, 0)\" class=\"has-inline-color has-black-color\">Le cerveau est un organe qui relie deux mondes:<\/mark><\/p>\n\n\n\n<ul class=\"wp-block-list\">\n<li><mark style=\"background-color:rgba(0, 0, 0, 0)\" class=\"has-inline-color has-black-color\">\u00e0 l\u2019int\u00e9rieur de nous (le milieu interne de notre corps) et<\/mark><\/li>\n\n\n\n<li><mark style=\"background-color:rgba(0, 0, 0, 0)\" class=\"has-inline-color has-black-color\">\u00e0 l\u2019ext\u00e9rieur de nous (l\u2019environnement externe)<\/mark><\/li>\n<\/ul>\n\n\n\n<p><mark style=\"background-color:rgba(0, 0, 0, 0)\" class=\"has-inline-color has-black-color\"><mark style=\"background-color:rgba(0, 0, 0, 0)\" class=\"has-inline-color has-black-color\">Il n\u2019y a qu\u2019un seul appareil mental, les chemins pour l\u2019approcher peuvent \u00eatre divers.<\/mark><\/mark> <mark style=\"background-color:rgba(0, 0, 0, 0)\" class=\"has-inline-color has-black-color\">Il existe plusieurs disciplines \u00e0 la fois tr\u00e8s proches et tr\u00e9s \u00e9loign\u00e9es, elles s\u2019occupent du m\u00eame \u00ab\u00a0Appareil \u00e0 Penser\u00a0\u00bb, certaines sous <strong>l\u2019angle de sa mat\u00e9rialit\u00e9<\/strong>, les autres sous <strong>l\u2019angle de ses productions psychiques<\/strong>.<\/mark><\/p>\n\n\n\n<p><mark style=\"background-color:rgba(0, 0, 0, 0)\" class=\"has-inline-color has-black-color\">Il existe donc bien une place pour un interface commun entre ces deux types de disciplines.<\/mark><\/p>\n\n\n\n<h5 class=\"wp-block-heading has-text-align-center\"><mark style=\"background-color:rgba(0, 0, 0, 0)\" class=\"has-inline-color has-vivid-cyan-blue-color\">NEUROPSYCHANALYSE = PSYCHANALYSE + NEUROSCIENCES<\/mark><\/h5>\n\n\n\n<p><mark style=\"background-color:rgba(0, 0, 0, 0)\" class=\"has-inline-color has-black-color\">Pour une part, cette nouvelle approche, s\u2019organise depuis 1999 au sein de <strong>l\u2019<em>International Neuropsychoanalysis Society&nbsp;<\/em>(NPSA)<\/strong>.<\/mark><\/p>\n\n\n<div class=\"wp-block-image\">\n<figure class=\"alignleft size-full is-resized\"><img loading=\"lazy\" decoding=\"async\" width=\"220\" height=\"92\" src=\"https:\/\/www.psychania.com\/wp-content\/uploads\/2025\/05\/NPSA-logo.png\" alt=\"\" class=\"wp-image-1263\" style=\"width:100px;height:auto\"\/><\/figure>\n<\/div>\n\n\n<p><mark style=\"background-color:rgba(0, 0, 0, 0)\" class=\"has-inline-color has-black-color\">L\u2019approche de la <strong>NPSA<\/strong>, soutenue par <strong>Mark Solms<\/strong>, son fondateur, est essentiellement neuropsychologique et constructiviste, \u00e0 partir d\u2019une \u00e9pist\u00e9mologie dite de&nbsp;<em>dual-aspect monism&nbsp;<\/em>(monisme \u00e0 double aspect, une approche psychologique, une approche neuroscientifique).<\/mark><\/p>\n\n\n\n<p><mark style=\"background-color:rgba(0, 0, 0, 0)\" class=\"has-inline-color has-black-color\">Mark Solms est un psychanalyste et neuropsychologue sud-africain, connu pour sa d\u00e9couverte des m\u00e9canismes c\u00e9r\u00e9braux du r\u00eave et son utilisation des m\u00e9thodes psychanalytiques dans les neurosciences contemporaines. Il adh\u00e8re aux th\u00e9ories de Sigmund Freud, y compris la psychanalyse. Il a la conviction que la conscience est enracin\u00e9e dans le tronc c\u00e9r\u00e9bral <strong>(Antonio Damasio, David Chalmers : le probl\u00e8me difficile de la conscience)<\/strong><\/mark><\/p>\n\n\n\n<h3 class=\"wp-block-heading\"><strong><mark style=\"background-color:rgba(0, 0, 0, 0)\" class=\"has-inline-color has-vivid-cyan-blue-color\">Le cerveau est l\u2019organe de l\u2019esprit.<\/mark><\/strong><\/h3>\n\n\n\n<p><mark style=\"background-color:rgba(0, 0, 0, 0)\" class=\"has-inline-color has-black-color\">Si nous voulons comprendre pleinement la vie mentale, nous devons int\u00e9grer les d\u00e9couvertes des neurosciences \u00e0 tous les niveaux de l\u2019esprit.<\/mark><\/p>\n\n\n\n<p><strong><mark style=\"background-color:rgba(0, 0, 0, 0)\" class=\"has-inline-color has-vivid-cyan-blue-color\">La neuropsychanalyse s\u2019int\u00e9resse aux fondements neurobiologiques de la fa\u00e7on dont nous agissons, pensons et ressentons. Ainsi, nous associons l\u2019activit\u00e9 c\u00e9r\u00e9brale \u00e0 un mod\u00e8le psychanalytique de l\u2019esprit, m\u00eame aux niveaux les plus profonds.<\/mark><\/strong><\/p>\n\n\n\n<p><mark style=\"background-color:rgba(0, 0, 0, 0)\" class=\"has-inline-color has-black-color\">L\u2019importance de cette alliance des savoirs et des connaissances entre Neurosciences et Psychanalyse, r\u00e9organis\u00e9es et int\u00e9gr\u00e9es dans la pratique, permet une compr\u00e9hension v\u00e9ritablement dynamique pour aborder la question du psychisme plus efficacement que jamais.<\/mark><\/p>\n\n\n\n<p><mark style=\"background-color:rgba(0, 0, 0, 0)\" class=\"has-inline-color has-black-color\">Le psychisme \u00e9tant l&rsquo;ensemble des processus et ph\u00e9nom\u00e8nes psychiques (conscients ou inconscients) li\u00e9s \u00e0 l\u2019esprit, \u00e0 l\u2019intelligence, \u00e0 l\u2019affectivit\u00e9 et \u00e0 la volont\u00e9 d\u2019un individu, constituant la vie psychique et \u00e9tant influenc\u00e9 par les facteurs biologiques, sociaux et culturels.<\/mark><\/p>\n\n\n\n<p><mark style=\"background-color:rgba(0, 0, 0, 0)\" class=\"has-inline-color has-vivid-cyan-blue-color\"><strong>En reliant les concepts m\u00e9tapsychologiques (initi\u00e9s par Sigmund Freud) \u00e0 des zones c\u00e9r\u00e9brales, on \u00e9tablit le lien qui existe entre les fonctions psychiques ou mentales et les fonctions biologiques du cerveau.<\/strong> <strong>Par exemple: la nature des processus mentaux inconscients et la physiologie de la m\u00e9moire, le pr\u00e9conscient, le cortex pr\u00e9frontal (activit\u00e9s cognitives), etc\u2026Ou encore, le complexe amygdalien (amygdale c\u00e9r\u00e9brale: r\u00f4le crucial dans le traitement des \u00e9motions\u201a en particulier la peur et l\u2019anxi\u00e9t\u00e9). <\/strong><\/mark><\/p>\n\n\n\n<p><mark style=\"background-color:rgba(0, 0, 0, 0)\" class=\"has-inline-color has-black-color\">L\u2019amygdale exerce une influence consid\u00e9rable sur notre comportement\u201a notre cognition et notre bien-\u00eatre psychologique.<\/mark><\/p>\n\n\n\n<p><mark style=\"background-color:rgba(0, 0, 0, 0)\" class=\"has-inline-color has-black-color\">Comprendre ces processus permet de travailler sur le stress, les \u00e9motions, les m\u00e9moires traumatiques, et g\u00e9rer au mieux et de mani\u00e8re pr\u00e9cise les probl\u00e8mes \u00e0 traiter\u00a0: anxi\u00e9t\u00e9, addictions, troubles de sommeil, troubles du comportement alimentaire, difficut\u00e9s relationnelles, d\u00e9pressions&#8230;<\/mark><\/p>\n\n\n\n<h4 class=\"wp-block-heading\"><mark style=\"background-color:rgba(0, 0, 0, 0)\" class=\"has-inline-color has-vivid-cyan-blue-color\">Les \u00e9motions sont le socle de la conscience et des processus cognitifs, les sentiments sont la repr\u00e9sentation des \u00e9motions.<\/mark><\/h4>\n\n\n\n<ul class=\"wp-block-list\">\n<li><mark style=\"background-color:rgba(0, 0, 0, 0)\" class=\"has-inline-color has-black-color\"><strong>Le corps est au fondement de l\u2019esprit conscient<\/strong>. En effet, la stabilit\u00e9 du fonctionnement biologique s\u2019accompagne de cartes c\u00e9r\u00e9brales et d\u2019images mentales du corps, qui forment le \u00ab <\/mark><strong><mark style=\"background-color:rgba(0, 0, 0, 0)\" class=\"has-inline-color has-vivid-cyan-blue-color\">protoSOI<\/mark><\/strong><mark style=\"background-color:rgba(0, 0, 0, 0)\" class=\"has-inline-color has-black-color\"> \u00bb. Il est en permanence li\u00e9 au corps par une boucle de r\u00e9sonance. Cela le diff\u00e9rencie des autres images mentales issues des sens externes.<\/mark><\/li>\n\n\n\n<li><mark style=\"background-color:rgba(0, 0, 0, 0)\" class=\"has-inline-color has-black-color\">Un syst\u00e8me de r\u00e9gulation (Hom\u00e9ostasie) se met en place pour conserver son \u00e9tat d\u2019 ETRE.<\/mark><\/li>\n\n\n\n<li><mark style=\"background-color:rgba(0, 0, 0, 0)\" class=\"has-inline-color has-black-color\">Dans la conscience \u00e9tendue les perceptions ne sont pas simples, la pens\u00e9e sur les perceptions est impliqu\u00e9e ainsi que les images mentales. Pour les humains les aires de langage sont sollicit\u00e9es, et dans les super-structures des lobes pr\u00e9frontaux.<\/mark><\/li>\n<\/ul>\n\n\n\n<h4 class=\"wp-block-heading\"><mark style=\"background-color:rgba(0, 0, 0, 0)\" class=\"has-inline-color has-vivid-cyan-blue-color\">Un humain peut ainsi revivre des exp\u00e9riences conscientes, au lieu de simplement vivre les instants les uns apr\u00e9s les autres (animal).<\/mark><\/h4>\n\n\n\n<p><\/p>\n","protected":false},"excerpt":{"rendered":"<p>Un seul appareil mental, le Cerveau La vie psychique n\u2019\u00e9tant possible que par le cerveau, la structure du cerveau pourrait &hellip; <a href=\"https:\/\/www.psychania.com\/index.php\/en-savoir-plus\/\" class=\"more-link\">Continue reading <span class=\"screen-reader-text\">En savoir plus<\/span><\/a><\/p>\n","protected":false},"author":1,"featured_media":0,"parent":0,"menu_order":0,"comment_status":"closed","ping_status":"closed","template":"","meta":{"footnotes":""},"class_list":["post-84","page","type-page","status-publish","hentry"],"jetpack_sharing_enabled":true,"_links":{"self":[{"href":"https:\/\/www.psychania.com\/index.php\/wp-json\/wp\/v2\/pages\/84","targetHints":{"allow":["GET"]}}],"collection":[{"href":"https:\/\/www.psychania.com\/index.php\/wp-json\/wp\/v2\/pages"}],"about":[{"href":"https:\/\/www.psychania.com\/index.php\/wp-json\/wp\/v2\/types\/page"}],"author":[{"embeddable":true,"href":"https:\/\/www.psychania.com\/index.php\/wp-json\/wp\/v2\/users\/1"}],"replies":[{"embeddable":true,"href":"https:\/\/www.psychania.com\/index.php\/wp-json\/wp\/v2\/comments?post=84"}],"version-history":[{"count":63,"href":"https:\/\/www.psychania.com\/index.php\/wp-json\/wp\/v2\/pages\/84\/revisions"}],"predecessor-version":[{"id":1854,"href":"https:\/\/www.psychania.com\/index.php\/wp-json\/wp\/v2\/pages\/84\/revisions\/1854"}],"wp:attachment":[{"href":"https:\/\/www.psychania.com\/index.php\/wp-json\/wp\/v2\/media?parent=84"}],"curies":[{"name":"wp","href":"https:\/\/api.w.org\/{rel}","templated":true}]}}