{"id":89,"date":"2022-09-16T19:48:54","date_gmt":"2022-09-16T17:48:54","guid":{"rendered":"http:\/\/www.psychania.com\/?page_id=89"},"modified":"2025-09-04T21:33:37","modified_gmt":"2025-09-04T19:33:37","slug":"le-cabinet","status":"publish","type":"page","link":"https:\/\/www.psychania.com\/index.php\/le-cabinet\/","title":{"rendered":"Le Cabinet"},"content":{"rendered":"\n<div class=\"wp-block-media-text alignwide is-stacked-on-mobile\" style=\"grid-template-columns:62% auto\"><figure class=\"wp-block-media-text__media\"><img loading=\"lazy\" decoding=\"async\" width=\"669\" height=\"373\" src=\"https:\/\/www.psychania.com\/wp-content\/uploads\/2024\/08\/Divan02-removebg-preview.png\" alt=\"\" class=\"wp-image-938 size-full\" srcset=\"https:\/\/www.psychania.com\/wp-content\/uploads\/2024\/08\/Divan02-removebg-preview.png 669w, https:\/\/www.psychania.com\/wp-content\/uploads\/2024\/08\/Divan02-removebg-preview-300x167.png 300w, https:\/\/www.psychania.com\/wp-content\/uploads\/2024\/08\/Divan02-removebg-preview-208x116.png 208w\" sizes=\"auto, (max-width: 669px) 100vw, 669px\" \/><\/figure><div class=\"wp-block-media-text__content\">\n<p><\/p>\n<\/div><\/div>\n\n\n\n<p><\/p>\n\n\n\n<h3 class=\"wp-block-heading\"><strong><mark style=\"background-color:rgba(0, 0, 0, 0)\" class=\"has-inline-color has-vivid-cyan-blue-color\">D\u00e9passer les traumas pour se reconnecter \u00e0 l&rsquo;essentiel<\/mark><\/strong><\/h3>\n\n\n\n<h4 class=\"wp-block-heading\"><strong>Domaines d&rsquo;intervention<\/strong><\/h4>\n\n\n\n<p><mark style=\"background-color:rgba(0, 0, 0, 0)\" class=\"has-inline-color has-black-color\">Les \u00e9changes Patient-Th\u00e9rapeute permettent de lever les m\u00e9canismes de d\u00e9fense qui vous emp\u00eachent d&rsquo;avancer, de trouver du sens aussi et de lib\u00e9rer votre personnalit\u00e9 propre.<\/mark><\/p>\n\n\n\n<p><mark style=\"background-color:rgba(0, 0, 0, 0)\" class=\"has-inline-color has-black-color\">En tant que psychanalyste: on vous aide \u00e0 <strong>l\u00e2cher prise<\/strong> en vous apportant une <strong>\u00e9coute active<\/strong> et un <strong>accompagnement personnalis\u00e9<\/strong>.<\/mark><\/p>\n\n\n\n<p><strong><em><mark style=\"background-color:rgba(0, 0, 0, 0)\" class=\"has-inline-color has-black-color\">On intervient dans de nombreux domaines dont :<\/mark><\/em><\/strong><\/p>\n\n\n\n<ul class=\"wp-block-list\">\n<li><strong><mark style=\"background-color:rgba(0, 0, 0, 0)\" class=\"has-inline-color has-black-color\">Neuropsychanalyse<\/mark><\/strong><\/li>\n\n\n\n<li><strong><mark style=\"background-color:rgba(0, 0, 0, 0)\" class=\"has-inline-color has-black-color\">Psychoth\u00e9rapie de soutien<\/mark><\/strong><\/li>\n\n\n\n<li><strong><mark style=\"background-color:rgba(0, 0, 0, 0)\" class=\"has-inline-color has-black-color\">Psychoth\u00e9rapie comportementale<\/mark><\/strong><\/li>\n<\/ul>\n\n\n\n<p><mark style=\"background-color:rgba(0, 0, 0, 0)\" class=\"has-inline-color has-black-color\"><strong>Chez l&rsquo;adulte<\/strong>:<\/mark><\/p>\n\n\n\n<p><mark style=\"background-color:rgba(0, 0, 0, 0)\" class=\"has-inline-color has-black-color\">Anxi\u00e9t\u00e9, addictions, troubles de sommeil, troubles du comportement alimentaire, d\u00e9pressions, manque de confiance en soi, difficult\u00e9s de faire des choix, harc\u00e8lement, deuils.<\/mark><\/p>\n\n\n\n<p><strong><mark style=\"background-color:rgba(0, 0, 0, 0)\" class=\"has-inline-color has-black-color\">Chez l&rsquo;enfant et l&rsquo;adolescent<\/mark><\/strong><\/p>\n\n\n\n<p><mark style=\"background-color:rgba(0, 0, 0, 0)\" class=\"has-inline-color has-black-color\">Troubles de comportement, difficult\u00e9s de concentration, \u00e9checs scolaires, manque de confiance en soi, harc\u00e8lement. l&rsquo;orientation sexuelle, la qu\u00eate identitaire.<\/mark><\/p>\n\n\n\n<h4 class=\"wp-block-heading\"><strong>Comment se d\u00e9roulent les s\u00e9ances&nbsp;? Quelle est notre approche&nbsp;?<\/strong><\/h4>\n\n\n\n<p><mark style=\"background-color:rgba(0, 0, 0, 0)\" class=\"has-inline-color has-black-color\">La premi\u00e8re s\u00e9ance est un moment de prise de contact o\u00f9 vous \u00eates invit\u00e9 \u00e0 raconter ce qui vous am\u00e8ne \u00e0 consulter et \u00e0 poser les questions que vous souhaitez. C\u2019est \u00e9galement un moment pour avoir un aper\u00e7u de votre historique. &nbsp;<br>\u00c0 la fin de la premi\u00e8re s\u00e9ance, nous d\u00e9cidons ensemble de commencer un travail psychologique et la fr\u00e9quence qui tient compte de votre probl\u00e9matique et vos disponibilit\u00e9s financi\u00e8res.<\/mark><\/p>\n\n\n\n<h4 class=\"wp-block-heading\"><strong><mark style=\"background-color:rgba(0, 0, 0, 0)\" class=\"has-inline-color has-black-color\">Modalit\u00e9s<\/mark><\/strong><\/h4>\n\n\n\n<p><mark style=\"background-color:rgba(0, 0, 0, 0)\" class=\"has-inline-color has-black-color\">Au fil des s\u00e9ances, au cabinet ou en Visio , vous parviendrez \u00e0 nommer chacune de vos souffrances afin de vous en lib\u00e9rer durablement.<\/mark><\/p>\n\n\n\n<h5 class=\"wp-block-heading\"><strong>Pr\u00e9sentiel ou visio ?<\/strong><\/h5>\n\n\n\n<p><mark style=\"background-color:rgba(0, 0, 0, 0)\" class=\"has-inline-color has-black-color\">Toutes les th\u00e9rapies peuvent se faire au cabinet comme en visio.<br>Chacun \u00e0 ses atouts, au cabinet un peu plus de proximit\u00e9, en visio, un gain de temps et plus de cr\u00e9neaux disponibles. La visio permet \u00e0 certains une plus grande concentration.<br>Il est possible d\u2019alterner cabinet et visio.<\/mark><\/p>\n\n\n\n<p><mark style=\"background-color:rgba(0, 0, 0, 0)\" class=\"has-inline-color has-black-color\">Nous \u00e9tablissons ensemble la fr\u00e9quence des s\u00e9ances en fonction de votre situation. G\u00e9n\u00e9ralement, les s\u00e9ances ont lieu une fois par semaine au d\u00e9but, puis par quinzaine.<\/mark><\/p>\n\n\n\n<p><mark style=\"background-color:rgba(0, 0, 0, 0)\" class=\"has-inline-color has-black-color\">Certaines th\u00e9rapies peuvent \u00eatre br\u00e8ves, selon la probl\u00e9matique, souvent 5 \u00e0 6 s\u00e9ances.<\/mark><\/p>\n\n\n\n<p><mark style=\"background-color:rgba(0, 0, 0, 0)\" class=\"has-inline-color has-black-color\"><strong>Si vous avez d\u2019autres questions ou besoin d&rsquo;autres informations, n\u2019h\u00e9sitez pas \u00e0 nous contacter<\/strong>.<\/mark><\/p>\n\n\n\n<h2 class=\"wp-block-heading\">Tarifs &amp; Conditions<\/h2>\n\n\n\n<h4 class=\"wp-block-heading\"><strong><mark style=\"background-color:rgba(0, 0, 0, 0)\" class=\"has-inline-color has-vivid-cyan-blue-color\">Prise de Rendez-vous<\/mark><\/strong><\/h4>\n\n\n\n<ul class=\"wp-block-list\">\n<li><mark style=\"background-color:rgba(0, 0, 0, 0)\" class=\"has-inline-color has-black-color\"><strong>Rendez-vous du lundi au vendredi de 9h \u00e0 19h<\/strong><\/mark><\/li>\n\n\n\n<li><mark style=\"background-color:rgba(0, 0, 0, 0)\" class=\"has-inline-color has-black-color\"><strong>Prendre rendez-vous 2 semaines minimum avant la s\u00e9ance<\/strong><\/mark><\/li>\n\n\n\n<li><mark style=\"background-color:rgba(0, 0, 0, 0)\" class=\"has-inline-color has-black-color\"><strong>Consultations en cabinet ou par Visio possible<\/strong><\/mark><\/li>\n\n\n\n<li><mark style=\"background-color:rgba(0, 0, 0, 0)\" class=\"has-inline-color has-black-color\"><strong>La s\u00e9ance individuelle dure 45 minutes<\/strong><\/mark>.<\/li>\n<\/ul>\n\n\n\n<p><mark style=\"background-color:rgba(0, 0, 0, 0)\" class=\"has-inline-color has-black-color\"><strong>Un rendez-vous confirm\u00e9 non annul\u00e9 24h avant, sera factur\u00e9, merci de votre compr\u00e9hension<\/strong>.<\/mark><\/p>\n\n\n\n<ul class=\"wp-block-list\">\n<li class=\"has-vivid-purple-color has-text-color has-link-color has-medium-font-size wp-elements-577ccf41c3a5ff35e78b87ee94443982\"><strong><mark style=\"background-color:rgba(0, 0, 0, 0)\" class=\"has-inline-color has-vivid-purple-color\">Tarifs des consultations individuelles:<\/mark><\/strong>\n<ul class=\"wp-block-list\">\n<li class=\"has-vivid-purple-color has-text-color has-link-color has-medium-font-size wp-elements-43eb16d0cee943c133fb883e14d3cfb2\"><strong><mark style=\"background-color:rgba(0, 0, 0, 0)\" class=\"has-inline-color has-vivid-purple-color\">en cabinet 70\u20ac<\/mark><\/strong><\/li>\n\n\n\n<li class=\"has-vivid-purple-color has-text-color has-link-color has-medium-font-size wp-elements-4919fe21eab05f9b7ab926e1bf97e46d\"><strong><mark style=\"background-color:rgba(0, 0, 0, 0)\" class=\"has-inline-color has-vivid-purple-color\">par Visio 50\u20ac.<\/mark><\/strong><\/li>\n<\/ul>\n<\/li>\n<\/ul>\n\n\n\n<h4 class=\"wp-block-heading\"><strong><mark style=\"background-color:rgba(0, 0, 0, 0)\" class=\"has-inline-color has-vivid-cyan-blue-color\">R\u00e8glement de votre s\u00e9ance<\/mark><\/strong><\/h4>\n\n\n\n<p><mark style=\"background-color:rgba(0, 0, 0, 0)\" class=\"has-inline-color has-black-color\"><strong>Les consultations au cabinet peuvent \u00eatre r\u00e9gl\u00e9es en Esp\u00e8ce ou Ch\u00e8que ou Carte Bancaire.<\/strong><\/mark>                   <mark style=\"background-color:rgba(0, 0, 0, 0)\" class=\"has-inline-color has-black-color\"><strong>Le r\u00e8glement des consultations en ligne s&rsquo;effectue par carte bancaire sur le site s\u00e9curis\u00e9.<\/strong><\/mark>  <mark style=\"background-color:rgba(0, 0, 0, 0)\" class=\"has-inline-color has-black-color\"><strong>Les s\u00e9ances de psychoth\u00e9rapies ne sont pas rembours\u00e9es par la S\u00e9curit\u00e9 Sociale.<\/strong><\/mark><\/p>\n\n\n\n<p><\/p>\n","protected":false},"excerpt":{"rendered":"<p>D\u00e9passer les traumas pour se reconnecter \u00e0 l&rsquo;essentiel Domaines d&rsquo;intervention Les \u00e9changes Patient-Th\u00e9rapeute permettent de lever les m\u00e9canismes de d\u00e9fense &hellip; <a href=\"https:\/\/www.psychania.com\/index.php\/le-cabinet\/\" class=\"more-link\">Continue reading <span class=\"screen-reader-text\">Le Cabinet<\/span><\/a><\/p>\n","protected":false},"author":1,"featured_media":0,"parent":0,"menu_order":0,"comment_status":"closed","ping_status":"closed","template":"","meta":{"footnotes":""},"class_list":["post-89","page","type-page","status-publish","hentry"],"jetpack_sharing_enabled":true,"_links":{"self":[{"href":"https:\/\/www.psychania.com\/index.php\/wp-json\/wp\/v2\/pages\/89","targetHints":{"allow":["GET"]}}],"collection":[{"href":"https:\/\/www.psychania.com\/index.php\/wp-json\/wp\/v2\/pages"}],"about":[{"href":"https:\/\/www.psychania.com\/index.php\/wp-json\/wp\/v2\/types\/page"}],"author":[{"embeddable":true,"href":"https:\/\/www.psychania.com\/index.php\/wp-json\/wp\/v2\/users\/1"}],"replies":[{"embeddable":true,"href":"https:\/\/www.psychania.com\/index.php\/wp-json\/wp\/v2\/comments?post=89"}],"version-history":[{"count":86,"href":"https:\/\/www.psychania.com\/index.php\/wp-json\/wp\/v2\/pages\/89\/revisions"}],"predecessor-version":[{"id":2509,"href":"https:\/\/www.psychania.com\/index.php\/wp-json\/wp\/v2\/pages\/89\/revisions\/2509"}],"wp:attachment":[{"href":"https:\/\/www.psychania.com\/index.php\/wp-json\/wp\/v2\/media?parent=89"}],"curies":[{"name":"wp","href":"https:\/\/api.w.org\/{rel}","templated":true}]}}