{"id":98,"date":"2022-09-16T20:05:59","date_gmt":"2022-09-16T18:05:59","guid":{"rendered":"http:\/\/www.psychania.com\/?page_id=98"},"modified":"2024-12-11T12:25:12","modified_gmt":"2024-12-11T11:25:12","slug":"ressources","status":"publish","type":"page","link":"https:\/\/www.psychania.com\/index.php\/ressources\/","title":{"rendered":"Ressources"},"content":{"rendered":"\n<div class=\"wp-block-media-text alignwide is-stacked-on-mobile\" style=\"grid-template-columns:69% auto\"><figure class=\"wp-block-media-text__media\"><img loading=\"lazy\" decoding=\"async\" width=\"602\" height=\"334\" src=\"https:\/\/www.psychania.com\/wp-content\/uploads\/2022\/09\/BNF_bibliotheque-1.jpg\" alt=\"\" class=\"wp-image-857 size-full\" srcset=\"https:\/\/www.psychania.com\/wp-content\/uploads\/2022\/09\/BNF_bibliotheque-1.jpg 602w, https:\/\/www.psychania.com\/wp-content\/uploads\/2022\/09\/BNF_bibliotheque-1-300x166.jpg 300w, https:\/\/www.psychania.com\/wp-content\/uploads\/2022\/09\/BNF_bibliotheque-1-209x116.jpg 209w\" sizes=\"auto, (max-width: 602px) 100vw, 602px\" \/><\/figure><div class=\"wp-block-media-text__content\">\n<h6 class=\"wp-block-heading\"><strong>Biblioth\u00e8que nationale de France &#8211; BnF<\/strong><\/h6>\n\n\n\n<h6 class=\"wp-block-heading\">La biblioth\u00e8que Richelieu, berceau historique de la BnF au c\u0153ur du IIe arrondissement de Paris.<\/h6>\n\n\n\n<p>La salle ovale.<\/p>\n<\/div><\/div>\n\n\n\n<h3 class=\"wp-block-heading\"><strong>Journal, Revues &amp; Publications en ligne<\/strong><\/h3>\n\n\n\n<div class=\"wp-block-columns is-layout-flex wp-container-core-columns-is-layout-9d6595d7 wp-block-columns-is-layout-flex\">\n<div class=\"wp-block-column is-layout-flow wp-block-column-is-layout-flow\" style=\"flex-basis:100%\">\n<div class=\"wp-block-columns is-layout-flex wp-container-core-columns-is-layout-9d6595d7 wp-block-columns-is-layout-flex\">\n<div class=\"wp-block-column is-layout-flow wp-block-column-is-layout-flow\" style=\"flex-basis:100%\">\n<figure class=\"wp-block-table is-style-stripes\"><table  class=\"has-vivid-purple-color has-cyan-bluish-gray-background-color has-text-color has-background table table-hover\" ><thead><tr><th><mark style=\"background-color:rgba(0, 0, 0, 0)\" class=\"has-inline-color has-black-color\">Lien internet<\/mark><\/th><th><mark style=\"background-color:rgba(0, 0, 0, 0)\" class=\"has-inline-color has-black-color\">Nom de la revue<\/mark><\/th><\/tr><\/thead><tbody><tr><td><a rel=\"noreferrer noopener\" href=\"http:\/\/www.psychoanalysis.today\/fr-FR\/Home.aspx\" target=\"_blank\">http:\/\/www.psychoanalysis.today\/fr-FR\/Home.aspx<\/a><\/td><td>Le journal,&nbsp;<strong>Psychoanalysis.today.<\/strong> publi\u00e9 dans les cinq langues officielles de l\u2019<strong>API<\/strong>.<\/td><\/tr><tr><td><a href=\"https:\/\/www.cairn.info\/\" target=\"_blank\" rel=\"noreferrer noopener\">https:\/\/www.cairn.info\/<\/a><\/td><td><strong>Cairn.info<\/strong>, un ensemble de publications francophones de r\u00e9f\u00e9rence, abonnement et \u00e9galement consultable en acc\u00e8s gratuit.<\/td><\/tr><tr><td><a href=\"https:\/\/www.rfpsy.fr\" target=\"_blank\" rel=\"noreferrer noopener\">https:\/\/www.rfpsy.fr<\/a><\/td><td>La Revue Fran\u00e7aise de Psychanalyse, <strong>RfP<\/strong>.<\/td><\/tr><tr><td><a href=\"https:\/\/www.bnf.fr\/fr\" target=\"_blank\" rel=\"noreferrer noopener\">https:\/\/www.bnf.fr\/fr<\/a><\/td><td>La <strong>BnF<\/strong>, Biblioth\u00e8que Nationale de France.<\/td><\/tr><tr><td> <a rel=\"noreferrer noopener\" href=\"http:\/\/www.p-e-p.org\/\" target=\"_blank\">http:\/\/www.p-e-p.org\/<\/a><\/td><td>Publication \u00e9lectronique psychanalytique <strong>(PEP)<\/strong><\/td><\/tr><tr><td><\/td><td><\/td><\/tr><tr><td><\/td><td><\/td><\/tr><\/tbody><\/table><figcaption class=\"wp-element-caption\">Revues, Journaux, Librairies en ligne &#8230;<\/figcaption><\/figure>\n<\/div>\n<\/div>\n<\/div>\n<\/div>\n\n\n\n<hr class=\"wp-block-separator has-alpha-channel-opacity\"\/>\n\n\n\n<h3 class=\"wp-block-heading\"><strong>Livres<\/strong><\/h3>\n\n\n\n<hr class=\"wp-block-separator has-alpha-channel-opacity\"\/>\n\n\n\n<h3 class=\"wp-block-heading\"><strong>Dossiers<\/strong><\/h3>\n\n\n\n<hr class=\"wp-block-separator has-alpha-channel-opacity\"\/>\n\n\n\n<h3 class=\"wp-block-heading\"><strong>Publications<\/strong><\/h3>\n\n\n\n<hr class=\"wp-block-separator has-alpha-channel-opacity\"\/>\n\n\n\n<h3 class=\"wp-block-heading\"><strong>Textes &amp; Conf\u00e9rences<\/strong><\/h3>\n\n\n\n<hr class=\"wp-block-separator has-alpha-channel-opacity\"\/>\n\n\n\n<h3 class=\"wp-block-heading\"><strong>Documentations domaines connexes<\/strong><\/h3>\n\n\n\n<p><strong><mark style=\"background-color:rgba(0, 0, 0, 0)\" class=\"has-inline-color has-vivid-purple-color\">NeuroBiologie, Transhumanisme, Intelligence artificielle &#8230;<\/mark><\/strong><\/p>\n\n\n\n<p><\/p>\n\n\n\n<p><\/p>\n\n\n\n<hr class=\"wp-block-separator has-alpha-channel-opacity\"\/>\n","protected":false},"excerpt":{"rendered":"<p>Biblioth\u00e8que nationale de France &#8211; BnF La biblioth\u00e8que Richelieu, berceau historique de la BnF au c\u0153ur du IIe arrondissement de &hellip; <a href=\"https:\/\/www.psychania.com\/index.php\/ressources\/\" class=\"more-link\">Continue reading <span class=\"screen-reader-text\">Ressources<\/span><\/a><\/p>\n","protected":false},"author":1,"featured_media":0,"parent":0,"menu_order":0,"comment_status":"closed","ping_status":"closed","template":"","meta":{"footnotes":""},"class_list":["post-98","page","type-page","status-publish","hentry"],"jetpack_sharing_enabled":true,"_links":{"self":[{"href":"https:\/\/www.psychania.com\/index.php\/wp-json\/wp\/v2\/pages\/98","targetHints":{"allow":["GET"]}}],"collection":[{"href":"https:\/\/www.psychania.com\/index.php\/wp-json\/wp\/v2\/pages"}],"about":[{"href":"https:\/\/www.psychania.com\/index.php\/wp-json\/wp\/v2\/types\/page"}],"author":[{"embeddable":true,"href":"https:\/\/www.psychania.com\/index.php\/wp-json\/wp\/v2\/users\/1"}],"replies":[{"embeddable":true,"href":"https:\/\/www.psychania.com\/index.php\/wp-json\/wp\/v2\/comments?post=98"}],"version-history":[{"count":100,"href":"https:\/\/www.psychania.com\/index.php\/wp-json\/wp\/v2\/pages\/98\/revisions"}],"predecessor-version":[{"id":1085,"href":"https:\/\/www.psychania.com\/index.php\/wp-json\/wp\/v2\/pages\/98\/revisions\/1085"}],"wp:attachment":[{"href":"https:\/\/www.psychania.com\/index.php\/wp-json\/wp\/v2\/media?parent=98"}],"curies":[{"name":"wp","href":"https:\/\/api.w.org\/{rel}","templated":true}]}}